{"id":183,"date":"2018-03-01T14:30:41","date_gmt":"2018-03-01T13:30:41","guid":{"rendered":"http:\/\/ksiazkidlabiegaczy.pl\/?page_id=183"},"modified":"2020-04-16T20:53:03","modified_gmt":"2020-04-16T18:53:03","slug":"polityka","status":"publish","type":"page","link":"https:\/\/ksiazkidlabiegaczy.pl\/index.php\/polityka\/","title":{"rendered":"Polityka prywatno\u015bci"},"content":{"rendered":"<h2>POLITYKA PRYWATNO\u015aCI<\/h2>\n<p>Polityka prywatno\u015bci od dnia 01.03.2018, zmodyfikowana 25.05.2018<\/p>\n<p>Zaufanie u\u017cytkownik\u00f3w jest podstaw\u0105 naszej dzia\u0142alno\u015bci. Odwiedzaj\u0105c t\u0105 stron\u0119 akceptujesz nasz\u0105 polityk\u0119 prywatno\u015bci i obowi\u0105zuj\u0105ce zasady.<br \/>\nDlatego tutaj w prosty i czytelny spos\u00f3b dowiesz si\u0119 w jaki spos\u00f3b Wydawnictwo Precjoza przetwarza Twoje dane osobowe.<br \/>\nTutaj r\u00f3wnie\u017c mo\u017cesz skontaktowa\u0107 si\u0119 z osob\u0105 odpowiedzialn\u0105 za ochron\u0119 Twoich danych.<\/p>\n<p>Zbieramy i wykorzystujemy Twoje dane, aby informowa\u0107 Ci\u0119 o produktach, us\u0142ugach i promocjach, a tak\u017ce po to, by umo\u017cliwi\u0107 robienie zakup\u00f3w w sklepie ksi\u0105\u017ckidlabiegaczy.pl, przez Internet lub telefon.<\/p>\n<p>Je\u015bli zdecydujesz si\u0119 wzi\u0105\u0107 udzia\u0142 w rekrutacji na stanowisko w Wydawnictwie Precjoza &#8211; poprosimy Ci\u0119 o pewne informacje, kt\u00f3re b\u0119d\u0105 nam potrzebne dla rozpatrzenia Twojej kandydatury.<\/p>\n<p>Zbieramy informacje dzi\u0119ki kt\u00f3rym Twoje zakupy w Wydawnictwie Precjoza b\u0119d\u0105 wygodniejsze.<\/p>\n<p>Poni\u017cej przedstawiamy sposoby i okoliczno\u015bci otrzymywania przez nas informacji o Tobie. Dok\u0142adnie opisujemy w jaki spos\u00f3b wykorzystujemy zebrane dane.<br \/>\nZwr\u00f3\u0107 prosz\u0119 uwag\u0119, \u017ce s\u0105 to wy\u0142\u0105cznie informacje o potencjalnych sposobach wykorzystania Twoich danych osobowych, z kt\u00f3rymi mo\u017cesz si\u0119 spotka\u0107 odwiedzaj\u0105c nasz sklep i strony internetowe, dokonuj\u0105c u nas zakupu, korzystaj\u0105c z naszych us\u0142ug, bior\u0105c udzia\u0142 w konkursach czy aplikuj\u0105c na og\u0142oszenia o prac\u0119 w Wydawnictwie Precjoza.<br \/>\nW ka\u017cdym z przypadk\u00f3w, otrzymasz jednoznaczn\u0105 informacj\u0119 dotycz\u0105c\u0105 celu przetwarzania Twoich danych, a w niekt\u00f3rych przypadkach, b\u0119dziemy dodatkowo potrzebowali Twojej wyra\u017anej zgody (np. wysy\u0142anie informacji marketingowych).Poprosimy Ci\u0119 ka\u017cdorazowo o wyra\u017cenie takiej zgody, informuj\u0105c czego ona dotyczy oraz o Twoich prawach.Przetwarzanie Twoich danych w Wydawnictwie Precjoza odbywa si\u0119 zawsze zgodnie z obowi\u0105zuj\u0105cymi przepisami prawa (krajowych i UE). Podaj\u0105c dane osobowe mo\u017cesz podawa\u0107 wy\u0142\u0105cznie swoje dane osobowe.<br \/>\nWyra\u017caj\u0105c zgod\u0119 na przetwarzanie danych potwierdzasz jednocze\u015bnie, \u017ce zgoda ta jest udzielona zgodnie z prawem Twojego kraju\u00a0 (potwierdzasz, \u017ce jeste\u015b doros\u0142y i masz mo\u017cliwo\u015bci udzielenia takiej zgody)<\/p>\n<p>Administratorem danych osobowych, kt\u00f3re przekazujesz w opisanych poni\u017cej przypadkach, jest:<\/p>\n<p>Wydawnictwo Precjoza Rafa\u0142 Gni\u0142a (zwane dalej Wydawnictwo Precjoza) z siedzib\u0105 w Al. Wolno\u015bci 48\/11, 42-202 Cz\u0119stochowa.<\/p>\n<p>W okre\u015blonych przypadkach, korzystaj\u0105c z niekt\u00f3rych z us\u0142ug, mo\u017cemy Ci\u0119 poprosi\u0107 o przekazanie swoich danych innemu Administratorowi (np. dostawcy us\u0142ugi p\u0142atno\u015bci online,banki). B\u0119dzie to jednak zawsze wynika\u0142o z informacji, kt\u00f3r\u0105 otrzymasz od nas w konieczno\u015bci przekazania Twoich danych oraz z regulaminu danej us\u0142ugi. Znajdziesz tutaj r\u00f3wnie\u017c informacj\u0119 dodatkow\u0105 dotycz\u0105c\u0105 obs\u0142ugi Twoich danych w<strong><a href=\"http:\/\/ksiazkidlabiegaczy.pl\/wp-content\/uploads\/2020\/02\/dodatkowa.pdf\" target=\"_blank\" rel=\"noopener noreferrer\"> zakresie p\u0142atno\u015bci.<\/a><\/strong><\/p>\n<p>W ka\u017cdym z przypadku dotycz\u0105cym Twoich danych osobowych, zawsze mo\u017cesz si\u0119 skontaktowa\u0107 z Administratorem Twoich danych osobowych dzwoni\u0105c na numer +48885565502 lub wysy\u0142aj\u0105c maila na adres : wydawnictwoprecjoza@gmail.com<br \/>\nW ten spos\u00f3b mo\u017cesz skorzysta\u0107 ze swoich praw, wynikaj\u0105cych z obowi\u0105zuj\u0105cych przepis\u00f3w:<br \/>\n&#8211; \u017c\u0105da\u0107 dost\u0119pu do swoich danych osobowych, ich usuni\u0119cia czy aktualizacji, zaprzestania ich przetwarzania w okre\u015blonym celu, wycofania wszelkich zg\u00f3d, kt\u00f3re od Ciebie otrzymali\u015bmy, czy skorzysta\u0107 z prawa do przeniesienia Twoich danych do innego Administratora.<br \/>\nWszelkich zmian zgodnych z przepisami,\u00a0 dokonamy bez zb\u0119dnej zw\u0142oki, zgodnie z obowi\u0105zuj\u0105cymi w Wydawnictwie Precjoza procedurami.<\/p>\n<p>Uwaga:<br \/>\n\u2022 nie zawsze b\u0119dziemy mogli spe\u0142ni\u0107 Twoj\u0105 pro\u015bb\u0119 lub \u017c\u0105danie np. ze wzgl\u0119du na obowi\u0105zuj\u0105ce przepisy prawa. W takim przypadku, otrzymasz od nas jasn\u0105 informacj\u0119 w tym temacie,<br \/>\n\u2022 mamy obowi\u0105zek potwierdzenia, \u017ce osoba zg\u0142aszaj\u0105ca zmian\u0119 to osoba, kt\u00f3ra ma prawo do zmian i do kt\u00f3rej dane nale\u017c\u0105,\u00a0 zg\u0142oszenie musi zawiera\u0107 wszelkie niezb\u0119dne do takiej identyfikacji dane, zastrzegamy sobie kontakt z Tob\u0105 w celu dodatkowej weryfikacji.<\/p>\n<p>Je\u015bli uwa\u017casz, \u017ce przetwarzaj\u0105c dane osobowe, dzia\u0142amy niew\u0142a\u015bciwie lub w spos\u00f3b niezgodny z prawem, prosimy korzystaj\u0105c z metody kontaktu opisanej powy\u017cej o tak\u0105 informacj\u0119.<br \/>\nW ka\u017cdej chwili mo\u017cesz wnie\u015b\u0107 skarg\u0119 do organu nadzorczego, czyli urz\u0119du pa\u0144stwowego, powo\u0142anego do nadzorowania przestrzegania przepis\u00f3w z zakresu ochrony danych osobowych w Polsce.<br \/>\nOd dnia 25 Maja 2018, funkcj\u0119 t\u0119 w Polsce sprawuje Prezes Urz\u0119du ochrony Danych osobowych.<\/p>\n<p>Tre\u015b\u0107 tej strony tak jak i us\u0142ugi i promocje Wydawnictwa Precjoza b\u0119d\u0105 si\u0119 zmienia\u0142y. Strona b\u0119dzie uaktualniana z pewn\u0105 cz\u0119stotliwo\u015bci\u0105, aby odzwierciedla\u0142a zmiany\u00a0 prawa i odpowiadaj\u0105ce im zmiany w naszych dzia\u0142aniach. Za ka\u017cdym razem, gdy zmienimy tre\u015b\u0107 na tej stronie, zmienimy te\u017c na niej dat\u0119, aby wskaza\u0107, kiedy zosta\u0142y dokonane zmiany.<\/p>\n<p>Pami\u0119taj: Korzystaj\u0105c z tej Strony internetowej, akceptujesz zasady przedstawione na niej, jak to zosta\u0142o zaznaczone na pocz\u0105tku. Ka\u017cde kolejne wej\u015bcie na t\u0119 Stron\u0119 www, kt\u00f3re b\u0119dzie nosi\u0142o dat\u0119 p\u00f3\u017aniejsz\u0105 od daty opublikowania nowej wersji niniejszej Strony, b\u0119dzie uwa\u017cane za Twoj\u0105 akceptacj\u0119 zasad zawartych w jej tre\u015bci. Dlatego w\u0142a\u015bnie zach\u0119camy do odwiedzania tej strony zawsze, kiedy przekazujesz dane osobowe (sk\u0142adasz zam\u00f3wienie , kontaktujesz si\u0119 za pomoca formularza, przegl\u0105dasz stron\u0119).<\/p>\n<p>Bez Twojej zgody, Wydawnictwo Precjoza nie udost\u0119pnia Twoich danych osobowych firmom czy osobom trzecim.<br \/>\nWyj\u0105tek stanowi\u0105 uprawnione organy Pa\u0144stwowe, dzia\u0142aj\u0105ce w ramach obowi\u0105zuj\u0105cych przepis\u00f3w prawa. Dzielimy si\u0119 natomiast niekt\u00f3rymi danymi z us\u0142ugodawcami, kt\u00f3rych wi\u0105\u017c\u0105 z nami stosowne umowy i \u015bwiadcz\u0105 us\u0142ugi w naszym imieniu (np. z kurierami, firmami us\u0142ugi p\u0142atno\u015bci online itp ) czy dla nas w celach analizy czy podniesienia jako\u015bci Twojej obs\u0142ugi (Google). Us\u0142ugodawcy\u00a0 na mocy zawartych um\u00f3w, zobowi\u0105zani s\u0105 do wykorzystywania powierzonych im danych wy\u0142\u0105cznie wed\u0142ug naszych wytycznych oraz w \u015bci\u015ble okre\u015blonym przez nas celu. Zostali zobowi\u0105zani do stosownego zabezpieczenia Twoich danych i zachowania ich w tajemnicy.<\/p>\n<p>Wy\u015blemy do Ciebie e-mail tylko, je\u015bli podasz nam sw\u00f3j adres e-mailowy i poprosisz nas o skontaktowanie si\u0119 z Tob\u0105.<br \/>\nEmail od Wydawnictwa Precjoza mo\u017cesz otrzyma\u0107 tak\u017ce w zwi\u0105zku z realizacj\u0105 zam\u00f3wienia z\u0142o\u017conego przez Internet lub w ramach potwierdzenia zam\u00f3wienia z\u0142o\u017conego przez telefon. E-mail od Wydawnictwo Precjoza mo\u017cesz otrzyma\u0107 r\u00f3wnie\u017c w ramach prowadzonej przez nas us\u0142ugi Newsletter, wy\u0142\u0105cznie je\u015bli wyrazi\u0142e\u015b zgod\u0119 na wysy\u0142anie takich wiadomo\u015bci.<\/p>\n<p>Je\u015bli nie chcesz otrzymywa\u0107 od nas informacji o produktach czy promocjach, prosimy o kontakt zgodnie z informacj\u0105 w rozdziale \u201eJak mog\u0119 si\u0119 skontaktowa\u0107 z Wydawnictwo Precjoza w sprawach zwi\u0105zanych z przetwarzaniem danych osobowych\u201d, lub o samodzielne wycofanie zgody poprzez klikni\u0119cie na przycisk wypisania z newslettera znajduj\u0105cy si\u0119 na dole ka\u017cdego takiego maila.<\/p>\n<p>Je\u015bli chcesz uzyska\u0107 informacje zwi\u0105zane z og\u00f3lnym funkcjonowaniem naszej strony www, przebiegiem procesu zam\u00f3wienia lub nasz\u0105 ofert\u0105, mo\u017cesz do nas napisa\u0107 na adres wydawnictwoprecjoza@gmail.com\u00a0 lub zadzwoni\u0107 na numer +48885565502.Odpowiemy na Twoje pytanie.<\/p>\n<p>Wchodz\u0105c na nasz\u0105 stron\u0119 reprezentujesz si\u0119 przypisanym Ci przez operatora adresem. Adres ten jest zapisywany w tzw. logu na serwerze naszego operatora strony www i po wymaganym przepisami prawa okresie (2 lat) jest automatycznie przez niego usuwany. Je\u015bli dokonasz u nas zakup\u00f3w poprzez sklep internetowy konieczne b\u0119dzie podanie danych takich jak imi\u0119, nazwisko, adres dostawy, adres e-mail , numer telefonu w celu realizacji i obs\u0142ugi zawartej umowy. Dane te b\u0119dziemy przetwarza\u0107 wy\u0142\u0105cznie zgodnie z przepisami prawa i zgodnie z ich przeznaczeniem ( obs\u0142uga zawartej umowy, procesy obs\u0142ugi), a po wymaganym prawem okresie (do 10 lat) je\u015bli nie uzyskamy dalszej zgody na ich przetwarzanie zostan\u0105 one usuni\u0119te.\u00a0Je\u015bli zarejestrujesz u nas konto przez sklep internetowy konieczne b\u0119dzie podanie danych takich jak imi\u0119, nazwisko, adres zamieszkania lub\/i dostawy, adres e-mai, numer telefonu w celu . Dane te b\u0119dziemy przetwarza\u0107 wy\u0142\u0105cznie zgodnie z obowi\u0105zuj\u0105cymi przepisami prawa, a po wycofaniu przez Ciebie zgody lub up\u0142ywie 10 lat , je\u015bli nie uzyskamy dalszej zgody na ich przetwarzanie zostan\u0105 one usuni\u0119te.\u00a0Je\u015bli zapiszesz si\u0119 do naszego newslettera konieczne b\u0119dzie podanie imienia i adresu e-mail. Dane te b\u0119dziemy przetwarza\u0107 wy\u0142\u0105cznie zgodnie z przepisami, a po wycofaniu przez Ciebie zgody lub up\u0142ywie 10 lat , przy braku dalszej zgody na ich przetwarzanie zostan\u0105 one usuni\u0119te. Je\u015bli bierzesz udzia\u0142 w naszych konkursach mo\u017ce by\u0107 konieczne podanie imienia, nazwiska, adresu e-mail, numeru telefonu, adresu zamieszkania\/dostawy.Dane te b\u0119dziemy przetwarza\u0107 wy\u0142\u0105cznie zgodnie z przepisami, a po wycofaniu przez Ciebie zgody lub up\u0142ywie 10 lat , przy braku dalszej zgody na ich przetwarzanie zostan\u0105 one usuni\u0119te.<\/p>\n<p>Je\u015bli b\u0119dziesz bra\u0142 udzia\u0142 w procesie rekrutacji konieczne b\u0119dzie podanie wymaganych przy rekrutacji danych osobowych. Dane te b\u0119d\u0105 przetwarzane wy\u0142\u0105cznie w celach rekrutacji lub dalszego zatrudnienia ( w oparciu o obowi\u0105zuj\u0105ce przepisy w tym zapisy Kodeksu Pracy). W przypadku procesu rekrutacji zako\u0144czonego bez zatrudnienia przekazane dane osobowe zostaj\u0105 natychmiast zniszczone lub w przypadku uzyskania zgody przetwarzane przez okres 3-miesi\u0119cy. Po tym okresie dane zostaj\u0105 zniszczone lub usuni\u0119te je\u015bli zosta\u0142y przekazane w formie elektronicznej.<\/p>\n<p>Zbieramy te\u017c informacje przy u\u017cyciu plik\u00f3w \u201eciasteczek\u201d. S\u0105 to np. informacje o Twoich dzia\u0142aniach na naszej stronie, zainteresowaniach i ulubionych produktach, zakupach \u2013 dzi\u0119ki tym informacjom nasza strona jest ci\u0105gle ulepszana i dostosowywana do twoich potrzeb. O szczeg\u00f3\u0142ach mo\u017cesz o poczyta\u0107 w naszej Polityce cookie\u2019s. Aby nieustannie optymalizowa\u0107 i udoskonala\u0107 nasz\u0105 ofert\u0119, stosujemy tak zwane technologie trackingowe, profilowania, systemy zbierania opinii, systemy obs\u0142ugi newsletter\u00f3w. Wykorzystujemy do tego celu takie us\u0142ugi jak np. us\u0142ugi Google Analytics. Przetwarzanie Twoich danych w takich wypadkach opiera si\u0119 o wyra\u017cone osobno zgody\/ akceptacj\u0119 ciasteczek i jest zabezpieczone umowami powierzenia przetwarzania danych.<\/p>\n<p>Przechowujemy Twoje dane osobowe przez czas obowi\u0105zywania zawartych um\u00f3w, a tak\u017ce po ich zako\u0144czeniu przez czas, w jakim mo\u017cliwe jest dochodzenie roszcze\u0144 w zwi\u0105zku z wykonywaniem umowy.<br \/>\nW przypadku klient\u00f3w detalicznych jest to okres maksymalnie 10 lat a w przypadku Kontrahent\u00f3w (firm i os\u00f3b prowadz\u0105cych dzia\u0142alno\u015b\u0107 gospodarcz\u0105) jest to okres maksymalnie 3 lat i 6 miesi\u0119cy.<\/p>\n<p>Ponadto przechowujemy Twoje dane dla cel\u00f3w:<\/p>\n<p>&#8211; zak\u0142adanie i zarz\u0105dzanie Twoim kontem w sklepie internetowym po zawarciu umowy zakupu przez okres maksymalnie 10 lat,<br \/>\n&#8211; podatkowych i rachunkowych przez okres 5 lat po zako\u0144czeniu roku , w kt\u00f3rym mia\u0142o miejsce zdarzenie finansowe,<br \/>\n&#8211; prowadzenia post\u0119powa\u0144 s\u0105dowych lub administracyjnych przez okres trwania takich post\u0119powa\u0144,<br \/>\n&#8211; zapobiegania nadu\u017cyciom i oszustwom przez okres 10 lat od dnia rozwi\u0105zania umowy lub zaistnienia okre\u015blonego zdarzenia,<br \/>\n&#8211; marketingowych przez okres do 10 lat, nie d\u0142u\u017cej ni\u017c do wyra\u017cenia przez Ciebie sprzeciwu lub cofni\u0119cia zgody z zachowaniem okresu realizacji zmian,<br \/>\n&#8211; statystycznych i analitycznych przez okres 24 miesi\u0119cy od przeprowadzenia analizy lub przeprowadzenia badania,<br \/>\n&#8211; archiwalnych przez okres 10 lat od dnia rozwi\u0105zania umowy lub wyst\u0105pienia okre\u015blonego zdarzenia,<br \/>\n&#8211; przez okres w jakim Wydawnictwo Precjoza jest zobowi\u0105zane do zachowania danych lub dokument\u00f3w je zawieraj\u0105cych dla udokumentowania spe\u0142nienia wymaga\u0144 prawnych, w tym umo\u017cliwienia kontroli ich spe\u0142nienia przez organy publiczne.<\/p>\n<p>Dane osobowe u\u017cytkownika s\u0105 przez nas przekazywane w bezpieczny spos\u00f3b przy u\u017cyciu szyfrowania &#8211; SSL. Dotyczy to tak\u017ce procesu sk\u0142adania zam\u00f3wienia oraz logowania klienta.\u00a0 Ponadto nasze strony internetowe oraz inne systemy s\u0105 zabezpieczane poprzez bie\u017c\u0105ce dzia\u0142ania techniczne i organizacyjne przed utrat\u0105, zniszczeniem, dost\u0119pem, zmianami lub rozpowszechnianiem danych u\u017cytkownik\u00f3w przez osoby nieupowa\u017cnione zar\u00f3wno przez nas jak i naszych partner\u00f3w. \u00a0Za skutki udost\u0119pnienia przez Ciebie w spos\u00f3b umy\u015blny lub nie swojego has\u0142a i loginu, jak i za nast\u0119pstwa prawne z tym zwi\u0105zane odpowiadasz Ty, chyba \u017ce jednoznacznie udowodnisz, \u017ce dane te pozyska\u0142a osoba trzecia w spos\u00f3b nielegalny. Has\u0142a powinny by\u0107 minimum 8 znakowe i zawiera\u0107 znaki specjalne, cyfry i litery (du\u017ce i ma\u0142e). Je\u017celi wiesz, \u017ce kto\u015b inny wykorzystuje Twoje konto masz obowi\u0105zek poinformowa\u0107 nas o tym <strong>bezzw\u0142ocznie<\/strong> \u2013 do tego momentu Ty odpowiadasz za to co si\u0119 dzieje na twoim koncie.W sprawach nieuregulowanych regulaminem i polityk\u0105 prywatno\u015bci zastosowanie maj\u0105 postanowienia Kodeksu cywilnego i odpowiednich ustaw prawa polskiego, a tak\u017ce prawa Unii Europejskiej, w szczeg\u00f3lno\u015bci RODO (Rozporz\u0105dzenie Parlamentu Europejskiego i Rady (UE) 2016\/679 z dnia 27 kwietnia 2016 r. w sprawie ochrony os\u00f3b fizycznych w zwi\u0105zku z przetwarzaniem danych osobowych i w sprawie swobodnego przep\u0142ywu takich danych oraz uchylenia dyrektywy 95\/46\/WE)<\/p>\n","protected":false},"excerpt":{"rendered":"<p>POLITYKA PRYWATNO\u015aCI Polityka prywatno\u015bci od dnia 01.03.2018, zmodyfikowana 25.05.2018 Zaufanie u\u017cytkownik\u00f3w jest podstaw\u0105 naszej dzia\u0142alno\u015bci. Odwiedzaj\u0105c t\u0105 stron\u0119 akceptujesz nasz\u0105 polityk\u0119 prywatno\u015bci i obowi\u0105zuj\u0105ce zasady. Dlatego<span class=\"excerpt-hellip\"> [\u2026]<\/span><\/p>\n","protected":false},"author":3,"featured_media":0,"parent":0,"menu_order":26,"comment_status":"closed","ping_status":"closed","template":"","meta":{"footnotes":""},"_links":{"self":[{"href":"https:\/\/ksiazkidlabiegaczy.pl\/index.php\/wp-json\/wp\/v2\/pages\/183"}],"collection":[{"href":"https:\/\/ksiazkidlabiegaczy.pl\/index.php\/wp-json\/wp\/v2\/pages"}],"about":[{"href":"https:\/\/ksiazkidlabiegaczy.pl\/index.php\/wp-json\/wp\/v2\/types\/page"}],"author":[{"embeddable":true,"href":"https:\/\/ksiazkidlabiegaczy.pl\/index.php\/wp-json\/wp\/v2\/users\/3"}],"replies":[{"embeddable":true,"href":"https:\/\/ksiazkidlabiegaczy.pl\/index.php\/wp-json\/wp\/v2\/comments?post=183"}],"version-history":[{"count":8,"href":"https:\/\/ksiazkidlabiegaczy.pl\/index.php\/wp-json\/wp\/v2\/pages\/183\/revisions"}],"predecessor-version":[{"id":2266,"href":"https:\/\/ksiazkidlabiegaczy.pl\/index.php\/wp-json\/wp\/v2\/pages\/183\/revisions\/2266"}],"wp:attachment":[{"href":"https:\/\/ksiazkidlabiegaczy.pl\/index.php\/wp-json\/wp\/v2\/media?parent=183"}],"curies":[{"name":"wp","href":"https:\/\/api.w.org\/{rel}","templated":true}]}}