{"id":185,"date":"2018-03-02T14:30:50","date_gmt":"2018-03-02T13:30:50","guid":{"rendered":"http:\/\/ksiazkidlabiegaczy.pl\/?page_id=185"},"modified":"2020-04-16T21:02:50","modified_gmt":"2020-04-16T19:02:50","slug":"polityka-prywatnosci","status":"publish","type":"page","link":"https:\/\/ksiazkidlabiegaczy.pl\/index.php\/polityka-prywatnosci\/","title":{"rendered":"Regulamin"},"content":{"rendered":"<h3>REGULAMIN z dnia 01.03.2018r<\/h3>\n<h4>I. Informacje OG\u00d3LNE<\/h4>\n<p>1. Sklep internetowy ksiazkidlabiegaczy.pl (Wydawnictwo\/Wydawnictwo Precjoza) prowadzi dzia\u0142alno\u015b\u0107 handlow\u0105 w zakresie sprzeda\u017cy. W\u0142a\u015bcicielem sklepu jest Wydawnictwo Precjoza Rafa\u0142 Gni\u0142a z siedzib\u0105 Al. Wolno\u015bci 48\/11, 42-202 Cz\u0119stochowa wpisany do Centralnej Ewidencji i Informacji o Dzia\u0142alno\u015bci Gospodarczej Rzeczypospolitej Polskiej prowadzonej przez ministra w\u0142a\u015bciwego d.s. gospodarki, NIP: 5761109078 , Regon: 369050236<br \/>\n2. Klienci mog\u0105 uzyska\u0107 dost\u0119p do niniejszego Regulaminu w ka\u017cdym czasie za po\u015brednictwem odsy\u0142acza zamieszczonego na stronie g\u0142\u00f3wnej serwisu ksiazkidlabiegaczy.pl<br \/>\n3. Wszelkie tre\u015bci jak i zapisy niniejszego regulaminu s\u0105 obj\u0119te ochron\u0105 prawami autorskimi i stanowi\u0105 w\u0142asno\u015b\u0107 Wydawnictwo Precjoza. Kopiowanie, rozpowszechnianie i jakiekolwiek wykorzystanie bez zgody autora s\u0105 zabronione. Naruszenie powy\u017cszego stanowi jednoznaczn\u0105, dobrowoln\u0105 akceptacj\u0119 poddania si\u0119 karze i wyp\u0142acenia kary umownej w wysoko\u015bci 15 000 z\u0142 co nie zamyka roszcze\u0144 w\u0142a\u015bciciela praw autorskich z tego tytu\u0142u i pozostawia mo\u017cliwo\u015b\u0107 dalszego dochodzenia odszkodowa\u0144 na drodze s\u0105dowej.<\/p>\n<h3>II. OFERTA<\/h3>\n<p>1. Produkty, kt\u00f3re Wydawnictwo Precjoza prezentuje na stronie sklepu, stanowi\u0105 zaproszenie do zawarcia umowy w my\u015bl art.71 kodeksu cywilnego. Wydawnictwo Precjoza zobowi\u0105zuje si\u0119, \u017ce prezentowane produkty b\u0119d\u0105 dostarczone bez wad. Wydawnictwo Precjoza dok\u0142ada wszelkich stara\u0144 aby prezentowane dost\u0119pno\u015bci towar\u00f3w, opisy i zdj\u0119cia przedstawione na stronie rzetelnie odwzorowywa\u0142y wygl\u0105d produkt\u00f3w, jednak\u017ce maj\u0105 one jedynie charakter pogl\u0105dowy i mog\u0105 nieznacznie r\u00f3\u017cni\u0107 si\u0119 od towar\u00f3w dostarczanych, oraz faktyczn\u0105 dost\u0119pno\u015bci\u0105 towar\u00f3w.<br \/>\n2. Wszystkie prezentowane ceny towar\u00f3w s\u0105 proponowanymi cenami brutto (zawieraj\u0105 podatek VAT), podane s\u0105 w z\u0142otych polskich. Cena staje si\u0119 wi\u0105\u017c\u0105ca w chwili z\u0142o\u017cenia zam\u00f3wienia.<br \/>\n3. W przypadku braku zam\u00f3wionego towaru na magazynie, Klient jest informowany o tym fakcie telefonicznie lub na adres e-mail wskazany w Zam\u00f3wieniu i ma mo\u017cliwo\u015b\u0107 wyboru mi\u0119dzy: zmian\u0105 kupowanego towaru na inny, d\u0142u\u017cszym czasem realizacji lub rezygnacj\u0105 z zam\u00f3wienia.<br \/>\n4. Zgodnie z obowi\u0105zuj\u0105cymi przepisami prawa Wydawnictwo zastrzega sobie mo\u017cliwo\u015b\u0107 ograniczenia \u015bwiadczenia us\u0142ug za po\u015brednictwem Sklepu internetowego do os\u00f3b, kt\u00f3re uko\u0144czy\u0142y wiek 18 lat. W takim przypadku potencjalni Klienci zostan\u0105 o powy\u017cszym powiadomieni.<\/p>\n<h3>III. ZAM\u00d3WIENIE I ZAP\u0141ATA<\/h3>\n<p>1. Zam\u00f3wienia ze sklepu Ksiazkidlabiegaczy.pl mo\u017cna sk\u0142ada\u0107 na 2 sposoby:<br \/>\na) poprzez formularz zam\u00f3wieniowy dost\u0119pny na stronie www.ksiazkidlabiegaczy.pl<br \/>\nb) telefonicznie pod numerem telefonu +48885565502 w godzinach pracy firmy Wydawnictwo Precjoza.<br \/>\nUmow\u0119 traktuje si\u0119 za zawart\u0105 z momentem otrzymania przez Klienta wiadomo\u015bci e-mail zawieraj\u0105cej potwierdzenie z\u0142o\u017cenia Zam\u00f3wienia.<br \/>\n2. Kupuj\u0105cy zobowi\u0105zany jest do podania danych niezb\u0119dnych do cel\u00f3w zawarcia umowy zakupu i realizacji umowy zgodnie z formularzem zam\u00f3wienia. Do ka\u017cdej przesy\u0142ki do\u0142\u0105czony zostaje paragon fiskalny lub faktura VAT.<br \/>\n3. Wydawnictwo wystawia faktury VAT na \u017cyczenie Kupuj\u0105cego (w przypadku Konsument\u00f3w). Aby j\u0105 otrzyma\u0107 nale\u017cy podczas sk\u0142adania zam\u00f3wienia zaznaczy\u0107 odpowiednie pole, dopisa\u0107 w uwagach lub poinformowa\u0107 o tym obs\u0142ug\u0119 sklepu, podaj\u0105c jednocze\u015bnie niezb\u0119dne dane w tym numer NIP. W przeciwnym wypadku Konsument otrzymuje z automatu paragon fiskalny. W przypadku firm po spe\u0142nieniu podania pe\u0142nych danych automatycznie wystawiana jest faktura VAT.<br \/>\n4. Zam\u00f3wione towary dostarczane s\u0105 na adres podany w formularzu zam\u00f3wienia lub przygotowane do odbioru osobistego. Spos\u00f3b dostawy\/odbioru jest zgodny z wybran\u0105\/wskazan\u0105 przez Klienta form\u0105 wskazan\u0105 na zam\u00f3wieniu.<br \/>\n5. Koszty wysy\u0142ki zale\u017c\u0105 od rodzaju oraz wagi towaru. W przypadku zam\u00f3wienia kilku produkt\u00f3w, \u0142\u0105czna cena zam\u00f3wienia podana jest po wybraniu opcji dostawy w podsumowaniu formularza zam\u00f3wienia.<br \/>\n6. Zap\u0142aty za towar dokona\u0107 mo\u017cna zgodnie z formami p\u0142atno\u015bci udost\u0119pnianymi aktualnie na sklepie i widocznymi przy podsumowaniu formularza zam\u00f3wienia.<br \/>\n7. Akceptowane formy p\u0142atno\u015bci to:<br \/>\na) przelewem na numer konta bankowego:<br \/>\nNumer konta bankowego dla przelew\u00f3w z terenu Polski :<br \/>\n<strong>KONTO BANKOWE: 25 1140 2004 0000 3502 7732 7421<\/strong><br \/>\nW tym przypadku konieczne jest przes\u0142anie potwierdzenia bankowego, zam\u00f3wienie jest realizowane z chwil\u0105 zaksi\u0119gowania wp\u0142aty na koncie Wydawnictwa.<br \/>\nb) p\u0142atno\u015b\u0107 got\u00f3wk\u0105 w momencie odbioru towaru osobi\u015bcie w siedzibie Wydawnictwo Precjoza lub bezpo\u015brednio u kuriera(\u201eza pobraniem\u201d),<br \/>\nc) PayU \u2013 zewn\u0119trzny system op\u0142at.<br \/>\n8. Kupuj\u0105cy ma mo\u017cliwo\u015b\u0107 w obecno\u015bci przedstawiciela przewo\u017anika lub przedstawiciela sprzedawcy (przy odbiorze osobistym), sprawdzi\u0107 zawarto\u015b\u0107 paczki pod k\u0105tem uszkodze\u0144 w trakcie transportu, jak i zgodno\u015bci z zam\u00f3wieniem.<br \/>\n9. Je\u017celi Kupuj\u0105cy stwierdzi uszkodzenie opakowania, a po otwarciu r\u00f3wnie\u017c przedmiotu, ma prawo sporz\u0105dzi\u0107 protok\u00f3\u0142 reklamacyjny dost\u0119pny u spedytora, ma prawo r\u00f3wnie\u017c odm\u00f3wi\u0107 przyj\u0119cia przesy\u0142ki. Te same prawa przys\u0142uguj\u0105 kupuj\u0105cemu w momencie stwierdzenia niezgodno\u015bci przes\u0142anego towaru ze z\u0142o\u017conym i potwierdzonym zam\u00f3wieniem.<\/p>\n<h3>IV. REALIZACJA ZAM\u00d3WIE\u0143 i WYSY\u0141KA TOWARU<\/h3>\n<p>1. W celu z\u0142o\u017cenia zam\u00f3wienia Kupuj\u0105cy zobowi\u0105zany jest zarejestrowa\u0107 si\u0119 w panelu Sklepu podaj\u0105c prawdziwe dane osobowe\/firmowe i akceptuj\u0105c niniejszy Regulamin, prawid\u0142owo wype\u0142ni\u0107 formularz zam\u00f3wienia, podaj\u0105c dane niezb\u0119dne do realizacji wysy\u0142ki.<br \/>\n2. Potwierdzenie prawid\u0142owo z\u0142o\u017conego zam\u00f3wienia wysy\u0142ane jest automatycznie drog\u0105 mailow\u0105 na adres podany przez Kupuj\u0105cego. T\u0105 sam\u0105 drog\u0105 Klient mo\u017ce by\u0107 powiadamiany o statusie realizacji zam\u00f3wienia. W przypadkach szczeg\u00f3lnych Wydawnictwo zastrzega sobie mo\u017cliwo\u015b\u0107 kontaktu z Klientem celem ustalenia szczeg\u00f3\u0142\u00f3w realizacji zam\u00f3wienia.<br \/>\n3. Zam\u00f3wienia s\u0105 realizowane w dni robocze, w godzinach pracy Sprzedaj\u0105cego i wysy\u0142ane od 2 do 7 dni roboczych. O przypadkach szczeg\u00f3lnych mog\u0105cych potencjalnie wyd\u0142u\u017cy\u0107 termin realizacji Klient jest informowany przez Sprzedawc\u0119 wraz z pouczeniem o przys\u0142uguj\u0105cych mu prawach.<br \/>\n4. W zam\u00f3wieniach, w kt\u00f3rych Kupuj\u0105cy wybra\u0142 jako form\u0119 p\u0142atno\u015bci przedp\u0142at\u0119 na konto Sprzedawcy, realizacja zam\u00f3wienia rozpoczyna si\u0119 z momentem zaksi\u0119gowania przes\u0142anych \u015brodk\u00f3w pieni\u0119\u017cnych na konto bankowe Wydawnictwo Precjoza.<br \/>\n5.Wybieraj\u0105c produkt w Sklepie z podanym wariantem (tj. cecha szczeg\u00f3lna opisana przy towarze) Klient akceptuje fakt, \u017ce nie ma mo\u017cliwo\u015bci zamiany na inny, otrzyma produkt kt\u00f3ry zatwierdzi\u0142 w zam\u00f3wieniu. Nie ma mo\u017cliwo\u015bci zmiany produkt\u00f3w czy jego wariant\u00f3w na podstawie uwag w komentarzu czy na podstawie wiadomo\u015bci e-mail.\u00a0 Adres do wysy\u0142ki Klient uzupe\u0142nia w formularzu dost\u0119pnym przy sk\u0142adaniu zam\u00f3wienia, adresy podawane w innych miejscach(komentarze, uwagi itp.) nie b\u0119d\u0105 brane pod uwag\u0119. Je\u017celi Klient pomyli\u0142 si\u0119 podaj\u0105c adres powinien o tym fakcie poinformowa\u0107 Sprzedaj\u0105cego bez zb\u0119dnej zw\u0142oki, przed wysy\u0142k\u0105 towaru poprzez kontakt osobisty, telefoniczny b\u0105d\u017a mailowy.<br \/>\n6. Zawieraj\u0105c umow\u0119 kupna ze Sprzedaj\u0105cym Klient zobowi\u0105zuje si\u0119 do jej przestrzegania. W przypadku nie odebrania przesy\u0142ki z zakupionym towarem, Klienta nadal obowi\u0105zuje zawarta umowa a dodatkowo zobowi\u0105zany jest do pokrycia koszt\u00f3w odes\u0142ania towaru i jego ewentualnej powt\u00f3rnej wysy\u0142ki. Nie dotyczy to przypadku odst\u0105pienia od umowy (par. V Regulaminu ) jak i przypadku opisanego w par. III. pkt 9 Regulaminu.<\/p>\n<h3>V. ODST\u0104PIENIE OD UMOWY<\/h3>\n<p>1. Kupuj\u0105cy\/Klient b\u0119d\u0105cy jednocze\u015bnie konsumentem w rozumieniu Kodeksu Cywilnego, kt\u00f3ry zawar\u0142 umow\u0119 na odleg\u0142o\u015b\u0107, ma mo\u017cliwo\u015b\u0107 odst\u0105pienia od niej bez podania przyczyny zgodnie obowi\u0105zuj\u0105cymi zapisami prawa.<br \/>\n2. Odst\u0105pienie od umowy polega na z\u0142o\u017ceniu przez Konsumenta\/Klienta jednoznacznego o\u015bwiadczenia dost\u0119pnego poni\u017cej(np. mailowo lub w formie pisemnej) w terminie 14 dni kalendarzowych od daty otrzymania towaru lub odbioru tego\u017c towaru przez osob\u0119 przez Konsumenta\/Klienta upowa\u017cnion\u0105 z wykluczeniem firmy dostarczaj\u0105cej towar (zgodnej z wskazaniem na formularzu zakupu).<br \/>\nDo zachowania tego terminu wystarczy wys\u0142anie udost\u0119pnianego na stronie ksiazkidlabiegaczy.pl o\u015bwiadczenia przed up\u0142ywem terminu na adres mailowy: wydawnictwoprecjoza@gmail.com lub adres korespondencyjny Wydawnictwo Precjoza. O\u015bwiadczenie Konsument\/Klient ma mo\u017cliwo\u015b\u0107 z\u0142o\u017cy\u0107 na formularzu dost\u0119pnym<strong><a href=\"http:\/\/ksiazkidlabiegaczy.pl\/wp-content\/uploads\/2020\/02\/formularz-odstapienia-od-umowy.pdf\" target=\"_blank\" rel=\"noopener noreferrer\"> TUTAJ<\/a> <\/strong>kt\u00f3rego wz\u00f3r zosta\u0142 przygotowany na podstawie za\u0142\u0105cznika do Ustawy o prawach konsumenta z dnia 30 maja 2014 r (z p\u00f3\u017aniejszymi zmianami), lub innym stworzonym przez Konsumenta\/Klienta zgodnym z obowi\u0105zuj\u0105cymi przepisami. Termin odst\u0105pienia od umowy liczony jest od dnia w kt\u00f3rym Konsument\/Klient wszed\u0142 w posiadanie towaru lub w kt\u00f3rym osoba trzecia inna ni\u017c wybrany przez Konsumenta\/Klienta przewo\u017anik i wskazana przez Klienta\/Konsumenta, wesz\u0142a w posiadanie towaru.<br \/>\n3. Konsument ponosi bezpo\u015brednie koszty zwrotu towaru. Wydawnictwo Precjoza zgodnie z obowi\u0105zuj\u0105cymi przepisami zwraca koszty dostarczenia towaru do Kupuj\u0105cego do wysoko\u015bci ceny najta\u0144szej formy dostawy. Je\u017celi Konsument wybra\u0142 spos\u00f3b dostarczenia zwracanego towaru inny ni\u017c najta\u0144szy oferowany przez Sprzedawc\u0119, Konsument zgodnie z obowi\u0105zuj\u0105cymi przepisami prawa nie mo\u017ce \u017c\u0105da\u0107 zwrotu dodatkowych koszt\u00f3w wysy\u0142ki towaru powy\u017cej najta\u0144szej formy dostawy. W przypadku kiedy Konsument odst\u0105pi\u0142 od umowy po fakcie wys\u0142ania zam\u00f3wionego towaru (nie odebranie przesy\u0142ki) zobowi\u0105zany jest on zgodnie z przepisami prawa do zwrotu koszt\u00f3w odes\u0142ania\/zwrotu towaru do Sprzedaj\u0105cego.<br \/>\n4. W przypadku Klient\u00f3w nie b\u0119d\u0105cych w rozumieniu Kodeksu Cywilnego Konsumentami, zastosowanie maj\u0105 powy\u017csze zapisy jak r\u00f3wnie\u017c ustalenia umowne\/pisemne mi\u0119dzy podmiotami Sprzedawcy i Klienta zgodne z obowi\u0105zuj\u0105cymi przepisy prawa.<br \/>\n5. Towar nale\u017cy odes\u0142a\u0107 na adres WYDAWNICTWO PRECJOZA Al. Wolno\u015bci 48\/11, 42-202 Cz\u0119stochowa \u2013 adres ten podany jest r\u00f3wnie\u017c w stopce formularza odst\u0105pienia.<br \/>\n6. Konsumentowi zgodnie z art 38 Prawa konsumenckiego nie przys\u0142uguje prawo do odst\u0105pienia od umowy:<br \/>\n\u2022 w kt\u00f3rej cena lub wynagrodzenie zale\u017cy od waha\u0144 na rynku finansowym, nad kt\u00f3rymi Sprzedaj\u0105cy nie sprawuje kontroli, i kt\u00f3re mog\u0105 wyst\u0105pi\u0107 przed up\u0142ywem terminu do odst\u0105pienia od umowy;<br \/>\n\u2022 w kt\u00f3rej przedmiotem \u015bwiadczenia jest rzecz nieprefabrykowana, wyprodukowana wed\u0142ug specyfikacji konsumenta lub s\u0142u\u017c\u0105ca zaspokojeniu jego zindywidualizowanych potrzeb;<br \/>\n\u2022 w kt\u00f3rej przedmiotem \u015bwiadczenia s\u0105 rzeczy, kt\u00f3re po dostarczeniu, ze wzgl\u0119du na sw\u00f3j charakter, zostaj\u0105 nieroz\u0142\u0105cznie po\u0142\u0105czone z innymi rzeczami;<br \/>\n\u2022 w kt\u00f3rej przedmiotem \u015bwiadczenia s\u0105 nagrania d\u017awi\u0119kowe lub wizualne albo programy komputerowe dostarczane w zapiecz\u0119towanym opakowaniu, je\u017celi opakowanie zosta\u0142o otwarte po dostarczeniu;<br \/>\n\u2022 dostarczanie tre\u015bci cyfrowych, kt\u00f3re nie s\u0105 zapisane na no\u015bniku materialnym, je\u017celi spe\u0142nianie \u015bwiadczenia rozpocz\u0119\u0142o si\u0119 za wyra\u017an\u0105 zgod\u0105 Konsumenta przed up\u0142ywem terminu do odst\u0105pienia od umowy i po poinformowaniu go przez przedsi\u0119biorc\u0119 o utracie prawa odst\u0105pienia od umowy;<br \/>\n\u2022 dostarczanie dziennik\u00f3w, periodyk\u00f3w lub czasopism, z wyj\u0105tkiem umowy o prenumerat\u0119.<br \/>\nKonsumentowi przys\u0142uguj\u0105 wszelkie prawa zapewnione przez <a href=\"http:\/\/www.uokik.gov.pl\/download.php?id=1224\" target=\"_blank\" rel=\"noopener noreferrer\">Ustaw\u0119 z dnia 30 maja 2014 r. o prawach konsumenta (Dz.U. 2014 poz. 827 z p\u00f3\u017aniejszymi zmianami)<\/a> przy jednoczesnym przestrzeganiu obowi\u0105zk\u00f3w z przepis\u00f3w tych wynikaj\u0105cych.<br \/>\n8. W przypadku braku p\u0142atno\u015bci za zam\u00f3wiony towar w terminie 14 dni Wydawnictwo zastrzega sobie prawo do anulowania z\u0142o\u017conego zam\u00f3wienia, co nie zamyka prawa Sprzedawcy do dalszych roszcze\u0144 wobec Klienta celem zwrotu poniesionych koszt\u00f3w. W przypadku braku odbioru zam\u00f3wionego towaru (przy wyborze formy dostawy odbi\u00f3r osobisty) w terminie 14 dni Wydawnictwo zastrzega sobie prawo do anulowania z\u0142o\u017conego zam\u00f3wienia, co nie zamyka prawa Sprzedawcy do dalszych roszcze\u0144 wobec Klienta celem zwrotu poniesionych koszt\u00f3w.<\/p>\n<h3>VI. GWARANCJE I REKLAMACJE<\/h3>\n<p>1. Wydawnictwo Precjoza o\u015bwiadcza, i\u017c dok\u0142ada wszelkich stara\u0144 w celu zapewnienia zgodno\u015b\u0107 z opisem towar\u00f3w sprzedanych przez siebie na stronie internetowej ksiazkidlabiegaczy.pl<br \/>\n2. Wydawnictwo Precjoza jako Wydawnictwo odpowiada wobec Klienta b\u0119d\u0105cego Konsumentem w rozumieniu art. 22 Kodeksu Cywilnego, z tytu\u0142u r\u0119kojmi za wady w zakresie okre\u015blonym w Kodeksie Cywilnym, w szczeg\u00f3lno\u015bci w art. 556 oraz art. 556 &#8211; 556 i kolejnych Kodeksu Cywilnego.<br \/>\n3. Reklamacje, wynikaj\u0105ce z naruszenia praw gwarantowanych ustawowo, lub na podstawie niniejszego Regulaminu, nale\u017cy kierowa\u0107 na adres wydawnictwoprecjoza@gmail.com. Firma Wydawnictwo Precjoza zobowi\u0105zuje si\u0119 do rozpatrzenia ka\u017cdej reklamacji w terminie do 30 dni. W szczeg\u00f3lnie skomplikowanych sprawach Klient mo\u017ce zosta\u0107 poinformowany o wyd\u0142u\u017ceniu rozpatrzenia Reklamacji jednak nie d\u0142u\u017cej ni\u017c 60 dni od dnia zg\u0142oszenia. Nierozpatrzenie reklamacji w powy\u017cszym terminie oznacza uznanie jej za uzasadnion\u0105.<br \/>\n4. Wydawnictwo Precjoza o\u015bwiadcza, \u017ce jest producentem niekt\u00f3rych (oznaczonych), a nie wszystkich prezentowanych towar\u00f3w. Producent ponosi odpowiedzialno\u015b\u0107 z tytu\u0142u gwarancji sprzedanego Towaru na warunkach oraz przez okres wskazany w karcie gwarancyjnej, opisie produktu lub okre\u015blony przepisami prawa(je\u015bli oznaczenia takowego nie ma). Je\u015bli dokument gwarancyjny\/ opis produktu przewiduje tak\u0105 mo\u017cliwo\u015b\u0107, Klient mo\u017ce zg\u0142asza\u0107 swoje roszczenia w ramach gwarancji bezpo\u015brednio u Producenta, kt\u00f3rego adres znajduje si\u0119 w karcie gwarancyjnej\/oznaczeniu towaru. Gwarancja nie wy\u0142\u0105cza, nie zawiesza, nie ogranicza uprawnie\u0144 kupuj\u0105cego z tytu\u0142u niezgodno\u015bci towaru konsumpcyjnego z umow\u0105.<br \/>\n5. Wydawnictwo Precjoza podejmuje dzia\u0142ania w celu zapewnienia w pe\u0142ni poprawnego dzia\u0142ania Sklepu, w takim zakresie, jaki wynika z aktualnej wiedzy technicznej i zobowi\u0105zuje si\u0119 usun\u0105\u0107 w rozs\u0105dnym terminie wszelkie nieprawid\u0142owo\u015bci zg\u0142oszone przez Klient\u00f3w. Zg\u0142osze\u0144 Klienci mog\u0105 dokonywa\u0107 w formie pisemnej na adres korespondencyjny Wydawnictwo Precjoza lub poprzez e-mail na adres wydawnictwoprecjoza@gmail.com <a href=\"https:\/\/ec.europa.eu\/consumers\/odr\/main\/index.cfm?event=main.home.show&amp;lng=PL\" target=\"_blank\" rel=\"noopener noreferrer\">\u0141\u0105cze do platformy ODR<\/a>.<\/p>\n<h3>VII. OCHRONA DANYCH OSOBOWYCH<\/h3>\n<p>1. Dok\u0142adna informacja o zasadach, rodzajach i formach przetwarzania danych osobowych przez firm\u0119 Wydawnictwo Precjoza znajduj\u0105 si\u0119 w zak\u0142adce Polityka prywatno\u015bci pod linkiem, kt\u00f3ry znajdziesz<strong> <a href=\"http:\/\/ksiazkidlabiegaczy.pl\/index.php\/polityka\/\" target=\"_blank\" rel=\"noopener noreferrer\">tutaj.<\/a><\/strong><br \/>\n2. Administrator serwisu przetwarzaj\u0105c dane osobowe chroni je przed ich pozyskaniem i modyfikacj\u0105 przez osoby nieuprawnione oraz przetwarza zgodnie z zasadami okre\u015blonymi obowi\u0105zuj\u0105cymi przepisami prawa.<\/p>\n<h3>VIII. ROSZCZENIA SPORNE<\/h3>\n<p>1. Rozstrzyganie spor\u00f3w powsta\u0142ych pomi\u0119dzy firm\u0105 Wydawnictwo Precjoza a Klientem, kt\u00f3ry jest Konsumentem w rozumieniu art. 221 Kodeksu Cywilnego, zostaje przekazane s\u0105dom w\u0142a\u015bciwym zgodnie z zapisami KPC.<br \/>\n2. Rozstrzyganie ewentualnych spor\u00f3w powsta\u0142ych pomi\u0119dzy firm\u0105 Wydawnictwo Precjoza a Klientem, kt\u00f3ry nie jest konsumentem w rozumieniu art. 221 KC, zostaje skierowane do S\u0105du w\u0142a\u015bciwego ze wzgl\u0119du na siedzib\u0119 firmy Wydawnictwo Precjoza.<br \/>\n3. W przypadku, gdy Klient b\u0119dzie chcia\u0142 wda\u0107 si\u0119 w sp\u00f3r z Wydawnictwo Precjoza w zwi\u0105zku z obs\u0142ug\u0105 reklamacji towaru ma r\u00f3wnie\u017c mo\u017cliwo\u015b\u0107 skorzystania z dost\u0119pnych metod rozstrzygania spor\u00f3w na jakie Wydawnictwo Precjoza wyrazi zgod\u0119 w pismach obs\u0142ugi reklamacji.<br \/>\n4. W sprawach nieuregulowanych w niniejszym Regulaminie maj\u0105 zastosowanie przepisy Kodeksu cywilnego, przepisy Ustawy o \u015bwiadczeniu us\u0142ug drog\u0105 elektroniczn\u0105 oraz inne w\u0142a\u015bciwe przepisy prawa polskiego.<br \/>\n5. \u017badne z postanowie\u0144 niniejszego regulaminu nie ma na celu naruszenia praw Klienta. Nie mo\u017ce by\u0107 r\u00f3wnie\u017c w ten spos\u00f3b interpretowane, gdy\u017c w przypadku niezgodno\u015bci jakiejkolwiek cz\u0119\u015bci regulaminu z obowi\u0105zuj\u0105cym prawem Wydawnictwo deklaruje bezwzgl\u0119dne podporz\u0105dkowanie si\u0119 i stosowanie tego prawa w miejsce zakwestionowanego przepisu regulaminu.<\/p>\n","protected":false},"excerpt":{"rendered":"<p>REGULAMIN z dnia 01.03.2018r I. Informacje OG\u00d3LNE 1. Sklep internetowy ksiazkidlabiegaczy.pl (Wydawnictwo\/Wydawnictwo Precjoza) prowadzi dzia\u0142alno\u015b\u0107 handlow\u0105 w zakresie sprzeda\u017cy. W\u0142a\u015bcicielem sklepu jest Wydawnictwo Precjoza Rafa\u0142 Gni\u0142a<span class=\"excerpt-hellip\"> [\u2026]<\/span><\/p>\n","protected":false},"author":3,"featured_media":0,"parent":0,"menu_order":22,"comment_status":"closed","ping_status":"closed","template":"","meta":{"footnotes":""},"_links":{"self":[{"href":"https:\/\/ksiazkidlabiegaczy.pl\/index.php\/wp-json\/wp\/v2\/pages\/185"}],"collection":[{"href":"https:\/\/ksiazkidlabiegaczy.pl\/index.php\/wp-json\/wp\/v2\/pages"}],"about":[{"href":"https:\/\/ksiazkidlabiegaczy.pl\/index.php\/wp-json\/wp\/v2\/types\/page"}],"author":[{"embeddable":true,"href":"https:\/\/ksiazkidlabiegaczy.pl\/index.php\/wp-json\/wp\/v2\/users\/3"}],"replies":[{"embeddable":true,"href":"https:\/\/ksiazkidlabiegaczy.pl\/index.php\/wp-json\/wp\/v2\/comments?post=185"}],"version-history":[{"count":8,"href":"https:\/\/ksiazkidlabiegaczy.pl\/index.php\/wp-json\/wp\/v2\/pages\/185\/revisions"}],"predecessor-version":[{"id":2267,"href":"https:\/\/ksiazkidlabiegaczy.pl\/index.php\/wp-json\/wp\/v2\/pages\/185\/revisions\/2267"}],"wp:attachment":[{"href":"https:\/\/ksiazkidlabiegaczy.pl\/index.php\/wp-json\/wp\/v2\/media?parent=185"}],"curies":[{"name":"wp","href":"https:\/\/api.w.org\/{rel}","templated":true}]}}