{"id":2086,"date":"2020-03-05T22:18:51","date_gmt":"2020-03-05T21:18:51","guid":{"rendered":"http:\/\/ksiazkidlabiegaczy.pl\/?page_id=2086"},"modified":"2020-03-05T22:26:05","modified_gmt":"2020-03-05T21:26:05","slug":"cross-wokol-malego-giewontu","status":"publish","type":"page","link":"https:\/\/ksiazkidlabiegaczy.pl\/index.php\/biegi\/cross-wokol-malego-giewontu\/","title":{"rendered":"Cross wok\u00f3\u0142 ma\u0142ego Giewontu 2018"},"content":{"rendered":"","protected":false},"excerpt":{"rendered":"","protected":false},"author":3,"featured_media":0,"parent":121,"menu_order":8,"comment_status":"closed","ping_status":"closed","template":"","meta":{"footnotes":""},"_links":{"self":[{"href":"https:\/\/ksiazkidlabiegaczy.pl\/index.php\/wp-json\/wp\/v2\/pages\/2086"}],"collection":[{"href":"https:\/\/ksiazkidlabiegaczy.pl\/index.php\/wp-json\/wp\/v2\/pages"}],"about":[{"href":"https:\/\/ksiazkidlabiegaczy.pl\/index.php\/wp-json\/wp\/v2\/types\/page"}],"author":[{"embeddable":true,"href":"https:\/\/ksiazkidlabiegaczy.pl\/index.php\/wp-json\/wp\/v2\/users\/3"}],"replies":[{"embeddable":true,"href":"https:\/\/ksiazkidlabiegaczy.pl\/index.php\/wp-json\/wp\/v2\/comments?post=2086"}],"version-history":[{"count":1,"href":"https:\/\/ksiazkidlabiegaczy.pl\/index.php\/wp-json\/wp\/v2\/pages\/2086\/revisions"}],"predecessor-version":[{"id":2087,"href":"https:\/\/ksiazkidlabiegaczy.pl\/index.php\/wp-json\/wp\/v2\/pages\/2086\/revisions\/2087"}],"up":[{"embeddable":true,"href":"https:\/\/ksiazkidlabiegaczy.pl\/index.php\/wp-json\/wp\/v2\/pages\/121"}],"wp:attachment":[{"href":"https:\/\/ksiazkidlabiegaczy.pl\/index.php\/wp-json\/wp\/v2\/media?parent=2086"}],"curies":[{"name":"wp","href":"https:\/\/api.w.org\/{rel}","templated":true}]}}