{"id":2636,"date":"2022-01-14T11:19:48","date_gmt":"2022-01-14T10:19:48","guid":{"rendered":"https:\/\/ksiazkidlabiegaczy.pl\/?page_id=2636"},"modified":"2022-04-02T10:33:56","modified_gmt":"2022-04-02T08:33:56","slug":"iv-cross-wokol-malego-giewontu","status":"publish","type":"page","link":"https:\/\/ksiazkidlabiegaczy.pl\/index.php\/iv-cross-wokol-malego-giewontu\/","title":{"rendered":"IV Cross Wok\u00f3\u0142 Ma\u0142ego Giewontu"},"content":{"rendered":"<h4 dir=\"auto\"><b>Zobaczcie jak si\u0119 bawili\u015bmy na obecnej i poprzednich edycjach biegu.<\/b><\/h4>\n<p>&nbsp;<\/p>\n<div dir=\"auto\"><\/div>\n<h3 dir=\"auto\" style=\"text-align: center;\">Poni\u017cej kilka ciekawych film\u00f3w z dotychczasowych edycji biegu.<\/h3>\n<p><iframe loading=\"lazy\" title=\"Cross Wok\u00f3\u0142 Ma\u0142ego Giewontu\" width=\"1220\" height=\"686\" src=\"https:\/\/www.youtube.com\/embed\/Y4hVQcGL5ak?feature=oembed\" frameborder=\"0\" allow=\"accelerometer; autoplay; clipboard-write; encrypted-media; gyroscope; picture-in-picture\" allowfullscreen><\/iframe><\/p>\n<div dir=\"auto\">\n<p><iframe loading=\"lazy\" title=\"I Cross wokol Malego Giewontu Aftermovie a\" width=\"1220\" height=\"686\" src=\"https:\/\/www.youtube.com\/embed\/Zg64jpnhKrg?feature=oembed\" frameborder=\"0\" allow=\"accelerometer; autoplay; clipboard-write; encrypted-media; gyroscope; picture-in-picture\" allowfullscreen><\/iframe><\/p>\n<p><iframe loading=\"lazy\" title=\"II Cross wok\u00f3\u0142 Ma\u0142ego Giewontu\" width=\"1220\" height=\"686\" src=\"https:\/\/www.youtube.com\/embed\/rr8OlEHUrlY?feature=oembed\" frameborder=\"0\" allow=\"accelerometer; autoplay; clipboard-write; encrypted-media; gyroscope; picture-in-picture\" allowfullscreen><\/iframe><\/p>\n<p><iframe loading=\"lazy\" title=\"3 Cross wok\u00f3\u0142 Ma\u0142ego Giewontu\" width=\"1220\" height=\"686\" src=\"https:\/\/www.youtube.com\/embed\/npPVsBBPhZU?feature=oembed\" frameborder=\"0\" allow=\"accelerometer; autoplay; clipboard-write; encrypted-media; gyroscope; picture-in-picture\" allowfullscreen><\/iframe><\/p>\n<\/div>\n","protected":false},"excerpt":{"rendered":"<p>Zobaczcie jak si\u0119 bawili\u015bmy na obecnej i poprzednich edycjach biegu. &nbsp; Poni\u017cej kilka ciekawych film\u00f3w z dotychczasowych edycji biegu.<\/p>\n","protected":false},"author":3,"featured_media":2633,"parent":0,"menu_order":3,"comment_status":"closed","ping_status":"closed","template":"","meta":{"footnotes":""},"_links":{"self":[{"href":"https:\/\/ksiazkidlabiegaczy.pl\/index.php\/wp-json\/wp\/v2\/pages\/2636"}],"collection":[{"href":"https:\/\/ksiazkidlabiegaczy.pl\/index.php\/wp-json\/wp\/v2\/pages"}],"about":[{"href":"https:\/\/ksiazkidlabiegaczy.pl\/index.php\/wp-json\/wp\/v2\/types\/page"}],"author":[{"embeddable":true,"href":"https:\/\/ksiazkidlabiegaczy.pl\/index.php\/wp-json\/wp\/v2\/users\/3"}],"replies":[{"embeddable":true,"href":"https:\/\/ksiazkidlabiegaczy.pl\/index.php\/wp-json\/wp\/v2\/comments?post=2636"}],"version-history":[{"count":8,"href":"https:\/\/ksiazkidlabiegaczy.pl\/index.php\/wp-json\/wp\/v2\/pages\/2636\/revisions"}],"predecessor-version":[{"id":2711,"href":"https:\/\/ksiazkidlabiegaczy.pl\/index.php\/wp-json\/wp\/v2\/pages\/2636\/revisions\/2711"}],"wp:featuredmedia":[{"embeddable":true,"href":"https:\/\/ksiazkidlabiegaczy.pl\/index.php\/wp-json\/wp\/v2\/media\/2633"}],"wp:attachment":[{"href":"https:\/\/ksiazkidlabiegaczy.pl\/index.php\/wp-json\/wp\/v2\/media?parent=2636"}],"curies":[{"name":"wp","href":"https:\/\/api.w.org\/{rel}","templated":true}]}}