{"id":2712,"date":"2022-04-02T10:35:53","date_gmt":"2022-04-02T08:35:53","guid":{"rendered":"https:\/\/ksiazkidlabiegaczy.pl\/?page_id=2712"},"modified":"2022-04-02T10:35:53","modified_gmt":"2022-04-02T08:35:53","slug":"biegstrazaka1","status":"publish","type":"page","link":"https:\/\/ksiazkidlabiegaczy.pl\/index.php\/biegstrazaka1\/","title":{"rendered":"I Bieg Stra\u017caka"},"content":{"rendered":"<h3>Zobaczcie jak si\u0119 bawili\u015bmy na 1 edycji biegu. Zapraszamy za rok.<\/h3>\n<p><iframe loading=\"lazy\" title=\"Bieg Stra\u017caka w D\u0105browie\" width=\"1220\" height=\"686\" src=\"https:\/\/www.youtube.com\/embed\/ESAms7RHIcU?feature=oembed\" frameborder=\"0\" allow=\"accelerometer; autoplay; clipboard-write; encrypted-media; gyroscope; picture-in-picture\" allowfullscreen><\/iframe><\/p>\n","protected":false},"excerpt":{"rendered":"<p>Zobaczcie jak si\u0119 bawili\u015bmy na 1 edycji biegu. Zapraszamy za rok.<\/p>\n","protected":false},"author":3,"featured_media":0,"parent":0,"menu_order":2,"comment_status":"closed","ping_status":"closed","template":"","meta":{"footnotes":""},"_links":{"self":[{"href":"https:\/\/ksiazkidlabiegaczy.pl\/index.php\/wp-json\/wp\/v2\/pages\/2712"}],"collection":[{"href":"https:\/\/ksiazkidlabiegaczy.pl\/index.php\/wp-json\/wp\/v2\/pages"}],"about":[{"href":"https:\/\/ksiazkidlabiegaczy.pl\/index.php\/wp-json\/wp\/v2\/types\/page"}],"author":[{"embeddable":true,"href":"https:\/\/ksiazkidlabiegaczy.pl\/index.php\/wp-json\/wp\/v2\/users\/3"}],"replies":[{"embeddable":true,"href":"https:\/\/ksiazkidlabiegaczy.pl\/index.php\/wp-json\/wp\/v2\/comments?post=2712"}],"version-history":[{"count":1,"href":"https:\/\/ksiazkidlabiegaczy.pl\/index.php\/wp-json\/wp\/v2\/pages\/2712\/revisions"}],"predecessor-version":[{"id":2713,"href":"https:\/\/ksiazkidlabiegaczy.pl\/index.php\/wp-json\/wp\/v2\/pages\/2712\/revisions\/2713"}],"wp:attachment":[{"href":"https:\/\/ksiazkidlabiegaczy.pl\/index.php\/wp-json\/wp\/v2\/media?parent=2712"}],"curies":[{"name":"wp","href":"https:\/\/api.w.org\/{rel}","templated":true}]}}