{"id":1211,"date":"2020-01-21T12:09:32","date_gmt":"2020-01-21T11:09:32","guid":{"rendered":"http:\/\/ksiazkidlabiegaczy.pl\/?post_type=product&#038;p=1211"},"modified":"2025-11-26T10:32:21","modified_gmt":"2025-11-26T09:32:21","slug":"moj-bieg-marcin-lewandowski","status":"publish","type":"product","link":"https:\/\/ksiazkidlabiegaczy.pl\/index.php\/produkt\/moj-bieg-marcin-lewandowski\/","title":{"rendered":"M\u00d3J BIEG Marcin Lewandowski"},"content":{"rendered":"<div><strong>M\u00d3J BIEG<\/strong><\/div>\n<div><strong>MARCIN LEWANDOWSKI<\/strong><\/div>\n<div>Liczba stron: 327<\/div>\n<div>format: 160&#215;240<\/div>\n<div>druk: ok\u0142adka mi\u0119kka<\/div>\n<div><\/div>\n<div>Rewelacyjna opowie\u015b\u0107 o \u017cyciu i \u015bwiecie wyczynowych biegaczy widziana oczami Marcina Lewandowskiego.<\/div>\n<div>&#8222;Jestem biegaczem, a ta ksi\u0105\u017cka to nie jest moja biografia. Przeczytacie w niej o mnie, ale nie znajdziecie tanich historii z mojego \u017cycia. Poznacie co\u015b du\u017co bardziej warto\u015bciowego \u2013 pi\u0119kno sportu. Ogl\u0105daj\u0105c nas w telewizji, widzicie tylko u\u0142amek tego \u015bwiata. Pokazuj\u0105c Wam moj\u0105 drog\u0119, wierz\u0119, \u017ce zobaczycie, \u017ce jest on nie tylko du\u017co bardziej z\u0142o\u017cony, lecz tak\u017ce o wiele wspanialszy. W wielu ksi\u0105\u017ckach sportowcy opisuj\u0105, jak ci\u0119\u017cko im by\u0142o osi\u0105gn\u0105\u0107 sukces lub z jakiego bagna musieli wyj\u015b\u0107. U mnie tego nie b\u0119dzie, bo nie o to chodzi, \u017ceby ksi\u0105\u017cka pokazywa\u0142a, jakie mia\u0142em szale\u0144cze \u017cycie. Wa\u017cne jest pi\u0119kno sportu. Ka\u017cdy znajdzie \u00a0w nim co\u015b wyj\u0105tkowego, trzeba jedynie umie\u0107 si\u0119 tym cieszy\u0107. Nie ma znaczenia, co trenujecie, wa\u017cne, \u017ceby\u015bcie si\u0119 w tym spe\u0142niali, bo ka\u017cdy sport ma swoje w\u0142asne, niepowtarzalne pi\u0119kno. &#8221; Marcin Lewandowski<\/div>\n<div>\n<p><iframe loading=\"lazy\" title=\"Marcin Lewandowski M\u00f3j Bieg\" width=\"1220\" height=\"686\" src=\"https:\/\/www.youtube.com\/embed\/BmbyWR0ZZWY?feature=oembed\" frameborder=\"0\" allow=\"accelerometer; autoplay; encrypted-media; gyroscope; picture-in-picture\" allowfullscreen><\/iframe><\/p>\n<\/div>\n","protected":false},"excerpt":{"rendered":"<p>M\u00d3J BIEG MARCIN LEWANDOWSKI Liczba stron: 327 format: 160&#215;240 druk: ok\u0142adka mi\u0119kka Rewelacyjna opowie\u015b\u0107 o \u017cyciu i \u015bwiecie wyczynowych biegaczy widziana oczami Marcina Lewandowskiego. &#8222;Jestem biegaczem,<span class=\"excerpt-hellip\"> [\u2026]<\/span><\/p>\n","protected":false},"featured_media":1952,"comment_status":"open","ping_status":"closed","template":"","meta":[],"product_cat":[30],"product_tag":[],"_links":{"self":[{"href":"https:\/\/ksiazkidlabiegaczy.pl\/index.php\/wp-json\/wp\/v2\/product\/1211"}],"collection":[{"href":"https:\/\/ksiazkidlabiegaczy.pl\/index.php\/wp-json\/wp\/v2\/product"}],"about":[{"href":"https:\/\/ksiazkidlabiegaczy.pl\/index.php\/wp-json\/wp\/v2\/types\/product"}],"replies":[{"embeddable":true,"href":"https:\/\/ksiazkidlabiegaczy.pl\/index.php\/wp-json\/wp\/v2\/comments?post=1211"}],"wp:featuredmedia":[{"embeddable":true,"href":"https:\/\/ksiazkidlabiegaczy.pl\/index.php\/wp-json\/wp\/v2\/media\/1952"}],"wp:attachment":[{"href":"https:\/\/ksiazkidlabiegaczy.pl\/index.php\/wp-json\/wp\/v2\/media?parent=1211"}],"wp:term":[{"taxonomy":"product_cat","embeddable":true,"href":"https:\/\/ksiazkidlabiegaczy.pl\/index.php\/wp-json\/wp\/v2\/product_cat?post=1211"},{"taxonomy":"product_tag","embeddable":true,"href":"https:\/\/ksiazkidlabiegaczy.pl\/index.php\/wp-json\/wp\/v2\/product_tag?post=1211"}],"curies":[{"name":"wp","href":"https:\/\/api.w.org\/{rel}","templated":true}]}}