{"id":2735,"date":"2022-11-30T15:16:19","date_gmt":"2022-11-30T14:16:19","guid":{"rendered":"https:\/\/ksiazkidlabiegaczy.pl\/?post_type=product&#038;p=2735"},"modified":"2025-11-26T10:32:21","modified_gmt":"2025-11-26T09:32:21","slug":"adam-kszczot-w-pogoni-za-mistrzem","status":"publish","type":"product","link":"https:\/\/ksiazkidlabiegaczy.pl\/index.php\/produkt\/adam-kszczot-w-pogoni-za-mistrzem\/","title":{"rendered":"Adam Kszczot &#8222;W pogoni za MISTRZEM&#8221;"},"content":{"rendered":"<p><span style=\"font-weight: 400;\">Adam Kszczot \u201eW pogoni za MISTRZEM\u201d<\/span><\/p>\n<p><em>Przedsprzeda\u017c w atrakcyjnej cenie!<\/em><\/p>\n<p><span style=\"font-weight: 400;\"> Wysy\u0142ka 21 grudnia 2022r.<\/span><\/p>\n<p style=\"text-align: left;\">Przedstawiamy niezwyk\u0142\u0105 opowie\u015b\u0107 o Adamie Kszczocie.<\/p>\n<p><img loading=\"lazy\" decoding=\"async\" class=\"alignnone wp-image-2729\" src=\"https:\/\/ksiazkidlabiegaczy.pl\/wp-content\/uploads\/2022\/11\/adamam_kszczot_okladka_A_Obszar-roboczy-1-300x212.jpg\" alt=\"\" width=\"457\" height=\"323\" srcset=\"https:\/\/ksiazkidlabiegaczy.pl\/wp-content\/uploads\/2022\/11\/adamam_kszczot_okladka_A_Obszar-roboczy-1-300x212.jpg 300w, https:\/\/ksiazkidlabiegaczy.pl\/wp-content\/uploads\/2022\/11\/adamam_kszczot_okladka_A_Obszar-roboczy-1-1024x724.jpg 1024w, https:\/\/ksiazkidlabiegaczy.pl\/wp-content\/uploads\/2022\/11\/adamam_kszczot_okladka_A_Obszar-roboczy-1-768x543.jpg 768w, https:\/\/ksiazkidlabiegaczy.pl\/wp-content\/uploads\/2022\/11\/adamam_kszczot_okladka_A_Obszar-roboczy-1-1536x1085.jpg 1536w, https:\/\/ksiazkidlabiegaczy.pl\/wp-content\/uploads\/2022\/11\/adamam_kszczot_okladka_A_Obszar-roboczy-1-207x146.jpg 207w, https:\/\/ksiazkidlabiegaczy.pl\/wp-content\/uploads\/2022\/11\/adamam_kszczot_okladka_A_Obszar-roboczy-1-50x35.jpg 50w, https:\/\/ksiazkidlabiegaczy.pl\/wp-content\/uploads\/2022\/11\/adamam_kszczot_okladka_A_Obszar-roboczy-1-106x75.jpg 106w, https:\/\/ksiazkidlabiegaczy.pl\/wp-content\/uploads\/2022\/11\/adamam_kszczot_okladka_A_Obszar-roboczy-1-800x565.jpg 800w, https:\/\/ksiazkidlabiegaczy.pl\/wp-content\/uploads\/2022\/11\/adamam_kszczot_okladka_A_Obszar-roboczy-1.jpg 2015w\" sizes=\"(max-width:767px) 457px, 457px\" \/><\/p>\n<p style=\"text-align: left;\">Adam nazywany jest profesorem biegania poniewa\u017c podchodzi z pe\u0142nym profesjonalizmem do trening\u00f3w i zawod\u00f3w.<\/p>\n<p style=\"text-align: left;\">Jego profesjonalizm prze\u0142o\u017cy\u0142 si\u0119 na wyniki, kt\u00f3rymi zaimponowa\u0142 ca\u0142emu lekkoatletycznym \u015bwiatu.<\/p>\n<div>Prezentowana ksi\u0105\u017cka to niezwyk\u0142y wywiad dw\u00f3ch dziennikarzy Przemka Iwa\u0144czyka i Jakuba Jelonka, kt\u00f3rzy staraj\u0105 si\u0119 uchwyci\u0107 fenomen sukcesu tego znakomitego biegacza<\/div>\n","protected":false},"excerpt":{"rendered":"<p>Adam Kszczot \u201eW pogoni za MISTRZEM\u201d Przedsprzeda\u017c w atrakcyjnej cenie! Wysy\u0142ka 21 grudnia 2022r. Przedstawiamy niezwyk\u0142\u0105 opowie\u015b\u0107 o Adamie Kszczocie. Adam nazywany jest profesorem biegania poniewa\u017c<span class=\"excerpt-hellip\"> [\u2026]<\/span><\/p>\n","protected":false},"featured_media":2732,"comment_status":"open","ping_status":"closed","template":"","meta":[],"product_cat":[30],"product_tag":[88,89],"_links":{"self":[{"href":"https:\/\/ksiazkidlabiegaczy.pl\/index.php\/wp-json\/wp\/v2\/product\/2735"}],"collection":[{"href":"https:\/\/ksiazkidlabiegaczy.pl\/index.php\/wp-json\/wp\/v2\/product"}],"about":[{"href":"https:\/\/ksiazkidlabiegaczy.pl\/index.php\/wp-json\/wp\/v2\/types\/product"}],"replies":[{"embeddable":true,"href":"https:\/\/ksiazkidlabiegaczy.pl\/index.php\/wp-json\/wp\/v2\/comments?post=2735"}],"wp:featuredmedia":[{"embeddable":true,"href":"https:\/\/ksiazkidlabiegaczy.pl\/index.php\/wp-json\/wp\/v2\/media\/2732"}],"wp:attachment":[{"href":"https:\/\/ksiazkidlabiegaczy.pl\/index.php\/wp-json\/wp\/v2\/media?parent=2735"}],"wp:term":[{"taxonomy":"product_cat","embeddable":true,"href":"https:\/\/ksiazkidlabiegaczy.pl\/index.php\/wp-json\/wp\/v2\/product_cat?post=2735"},{"taxonomy":"product_tag","embeddable":true,"href":"https:\/\/ksiazkidlabiegaczy.pl\/index.php\/wp-json\/wp\/v2\/product_tag?post=2735"}],"curies":[{"name":"wp","href":"https:\/\/api.w.org\/{rel}","templated":true}]}}