{"id":3056,"date":"2023-02-27T11:09:52","date_gmt":"2023-02-27T10:09:52","guid":{"rendered":"https:\/\/ksiazkidlabiegaczy.pl\/?post_type=product&#038;p=3056"},"modified":"2023-02-27T16:12:05","modified_gmt":"2023-02-27T15:12:05","slug":"zjawisko-agresji-wsrod-dzieci-i-mlodziezy-w-wieku-szkolnym-przyczyny-oraz-przeciwdzialania-przemyslaw-makles","status":"publish","type":"product","link":"https:\/\/ksiazkidlabiegaczy.pl\/index.php\/produkt\/zjawisko-agresji-wsrod-dzieci-i-mlodziezy-w-wieku-szkolnym-przyczyny-oraz-przeciwdzialania-przemyslaw-makles\/","title":{"rendered":"Zjawisko agresji w\u015br\u00f3d dzieci i m\u0142odzie\u017cy w wieku szkolnym &#8211; przyczyny oraz przeciwdzia\u0142ania Przemys\u0142aw Makles"},"content":{"rendered":"<div>Prezentowana publikacja porusza bardzo aktualn\u0105 problematyk\u0119, kt\u00f3ra ma istotne znaczenie pedagogiczne . Autor pracy wykaza\u0142 si\u0119 staranno\u015bci\u0105 w doborze \u017ar\u00f3de\u0142 naukowych i umiej\u0119tno\u015bci\u0105 ich syntezowania. Wykorzysta\u0142 wiele znacz\u0105cych opracowa\u0144 naukowych &#8211; tradycyjnych i elektronicznych. W badaniach w\u0142asnych zastosowa\u0142 trafnie dobrane narz\u0119dzia badawcze.<\/div>\n<div>Publikacja tej pracy mo\u017ce wi\u0119c dobrze s\u0142u\u017cy\u0107 praktyce szkolnej\/ edukacyjnej, jako wa\u017cny &#8222;drogowskaz&#8221; w codziennych poczynaniach nauczycieli i wychowawc\u00f3w. Mo\u017ce r\u00f3wnie\u017c stanowi\u0107 inspiracj\u0119 do realizacji\u00a0 dalszych<\/div>\n<div>bada\u0144 w tycm obrzarze<\/div>\n<div><\/div>\n<div><img loading=\"lazy\" decoding=\"async\" class=\"alignnone size-medium wp-image-3057\" src=\"https:\/\/ksiazkidlabiegaczy.pl\/wp-content\/uploads\/2023\/02\/przemek-reklama2_Obszar-roboczy-1-300x225.jpg\" alt=\"\" width=\"300\" height=\"225\" srcset=\"https:\/\/ksiazkidlabiegaczy.pl\/wp-content\/uploads\/2023\/02\/przemek-reklama2_Obszar-roboczy-1-300x225.jpg 300w, https:\/\/ksiazkidlabiegaczy.pl\/wp-content\/uploads\/2023\/02\/przemek-reklama2_Obszar-roboczy-1-1024x768.jpg 1024w, https:\/\/ksiazkidlabiegaczy.pl\/wp-content\/uploads\/2023\/02\/przemek-reklama2_Obszar-roboczy-1-768x576.jpg 768w, https:\/\/ksiazkidlabiegaczy.pl\/wp-content\/uploads\/2023\/02\/przemek-reklama2_Obszar-roboczy-1-1536x1152.jpg 1536w, https:\/\/ksiazkidlabiegaczy.pl\/wp-content\/uploads\/2023\/02\/przemek-reklama2_Obszar-roboczy-1-2048x1536.jpg 2048w, https:\/\/ksiazkidlabiegaczy.pl\/wp-content\/uploads\/2023\/02\/przemek-reklama2_Obszar-roboczy-1-195x146.jpg 195w, https:\/\/ksiazkidlabiegaczy.pl\/wp-content\/uploads\/2023\/02\/przemek-reklama2_Obszar-roboczy-1-50x38.jpg 50w, https:\/\/ksiazkidlabiegaczy.pl\/wp-content\/uploads\/2023\/02\/przemek-reklama2_Obszar-roboczy-1-100x75.jpg 100w, https:\/\/ksiazkidlabiegaczy.pl\/wp-content\/uploads\/2023\/02\/przemek-reklama2_Obszar-roboczy-1-800x600.jpg 800w\" sizes=\"(max-width:767px) 300px, 300px\" \/><\/div>\n","protected":false},"excerpt":{"rendered":"<p><img loading=\"lazy\" decoding=\"async\" class=\"alignnone size-medium wp-image-3058\" src=\"https:\/\/ksiazkidlabiegaczy.pl\/wp-content\/uploads\/2023\/02\/przemek-reklama1_Obszar-roboczy-1-300x225.jpg\" alt=\"\" width=\"300\" height=\"225\" srcset=\"https:\/\/ksiazkidlabiegaczy.pl\/wp-content\/uploads\/2023\/02\/przemek-reklama1_Obszar-roboczy-1-300x225.jpg 300w, https:\/\/ksiazkidlabiegaczy.pl\/wp-content\/uploads\/2023\/02\/przemek-reklama1_Obszar-roboczy-1-1024x768.jpg 1024w, https:\/\/ksiazkidlabiegaczy.pl\/wp-content\/uploads\/2023\/02\/przemek-reklama1_Obszar-roboczy-1-768x576.jpg 768w, https:\/\/ksiazkidlabiegaczy.pl\/wp-content\/uploads\/2023\/02\/przemek-reklama1_Obszar-roboczy-1-1536x1152.jpg 1536w, https:\/\/ksiazkidlabiegaczy.pl\/wp-content\/uploads\/2023\/02\/przemek-reklama1_Obszar-roboczy-1-2048x1536.jpg 2048w, https:\/\/ksiazkidlabiegaczy.pl\/wp-content\/uploads\/2023\/02\/przemek-reklama1_Obszar-roboczy-1-195x146.jpg 195w, https:\/\/ksiazkidlabiegaczy.pl\/wp-content\/uploads\/2023\/02\/przemek-reklama1_Obszar-roboczy-1-50x38.jpg 50w, https:\/\/ksiazkidlabiegaczy.pl\/wp-content\/uploads\/2023\/02\/przemek-reklama1_Obszar-roboczy-1-100x75.jpg 100w, https:\/\/ksiazkidlabiegaczy.pl\/wp-content\/uploads\/2023\/02\/przemek-reklama1_Obszar-roboczy-1-800x600.jpg 800w\" sizes=\"(max-width:767px) 300px, 300px\" \/><\/p>\n","protected":false},"featured_media":3058,"comment_status":"open","ping_status":"closed","template":"","meta":[],"product_cat":[59],"product_tag":[90,91],"_links":{"self":[{"href":"https:\/\/ksiazkidlabiegaczy.pl\/index.php\/wp-json\/wp\/v2\/product\/3056"}],"collection":[{"href":"https:\/\/ksiazkidlabiegaczy.pl\/index.php\/wp-json\/wp\/v2\/product"}],"about":[{"href":"https:\/\/ksiazkidlabiegaczy.pl\/index.php\/wp-json\/wp\/v2\/types\/product"}],"replies":[{"embeddable":true,"href":"https:\/\/ksiazkidlabiegaczy.pl\/index.php\/wp-json\/wp\/v2\/comments?post=3056"}],"wp:featuredmedia":[{"embeddable":true,"href":"https:\/\/ksiazkidlabiegaczy.pl\/index.php\/wp-json\/wp\/v2\/media\/3058"}],"wp:attachment":[{"href":"https:\/\/ksiazkidlabiegaczy.pl\/index.php\/wp-json\/wp\/v2\/media?parent=3056"}],"wp:term":[{"taxonomy":"product_cat","embeddable":true,"href":"https:\/\/ksiazkidlabiegaczy.pl\/index.php\/wp-json\/wp\/v2\/product_cat?post=3056"},{"taxonomy":"product_tag","embeddable":true,"href":"https:\/\/ksiazkidlabiegaczy.pl\/index.php\/wp-json\/wp\/v2\/product_tag?post=3056"}],"curies":[{"name":"wp","href":"https:\/\/api.w.org\/{rel}","templated":true}]}}