{"id":3397,"date":"2023-12-21T11:15:50","date_gmt":"2023-12-21T10:15:50","guid":{"rendered":"https:\/\/ksiazkidlabiegaczy.pl\/?post_type=product&#038;p=3397"},"modified":"2024-02-19T14:04:57","modified_gmt":"2024-02-19T13:04:57","slug":"czlowiek-to-jest","status":"publish","type":"product","link":"https:\/\/ksiazkidlabiegaczy.pl\/index.php\/produkt\/czlowiek-to-jest\/","title":{"rendered":"Cz\u0142owiek to jest !"},"content":{"rendered":"<p><img loading=\"lazy\" decoding=\"async\" class=\"alignnone size-medium wp-image-3398\" src=\"https:\/\/ksiazkidlabiegaczy.pl\/wp-content\/uploads\/2023\/12\/WhatsApp-Image-2023-12-21-at-10.07.30-300x245.jpeg\" alt=\"\" width=\"300\" height=\"245\" srcset=\"https:\/\/ksiazkidlabiegaczy.pl\/wp-content\/uploads\/2023\/12\/WhatsApp-Image-2023-12-21-at-10.07.30-300x245.jpeg 300w, https:\/\/ksiazkidlabiegaczy.pl\/wp-content\/uploads\/2023\/12\/WhatsApp-Image-2023-12-21-at-10.07.30-1024x838.jpeg 1024w, https:\/\/ksiazkidlabiegaczy.pl\/wp-content\/uploads\/2023\/12\/WhatsApp-Image-2023-12-21-at-10.07.30-768x628.jpeg 768w, https:\/\/ksiazkidlabiegaczy.pl\/wp-content\/uploads\/2023\/12\/WhatsApp-Image-2023-12-21-at-10.07.30-1536x1257.jpeg 1536w, https:\/\/ksiazkidlabiegaczy.pl\/wp-content\/uploads\/2023\/12\/WhatsApp-Image-2023-12-21-at-10.07.30-92x75.jpeg 92w, https:\/\/ksiazkidlabiegaczy.pl\/wp-content\/uploads\/2023\/12\/WhatsApp-Image-2023-12-21-at-10.07.30-480x393.jpeg 480w, https:\/\/ksiazkidlabiegaczy.pl\/wp-content\/uploads\/2023\/12\/WhatsApp-Image-2023-12-21-at-10.07.30-800x655.jpeg 800w, https:\/\/ksiazkidlabiegaczy.pl\/wp-content\/uploads\/2023\/12\/WhatsApp-Image-2023-12-21-at-10.07.30.jpeg 1600w\" sizes=\"(max-width:767px) 300px, 300px\" \/> <img loading=\"lazy\" decoding=\"async\" class=\"alignnone size-medium wp-image-3399\" src=\"https:\/\/ksiazkidlabiegaczy.pl\/wp-content\/uploads\/2023\/12\/WhatsApp-Image-2023-12-21-at-10.18.06-1-210x300.jpeg\" alt=\"\" width=\"210\" height=\"300\" srcset=\"https:\/\/ksiazkidlabiegaczy.pl\/wp-content\/uploads\/2023\/12\/WhatsApp-Image-2023-12-21-at-10.18.06-1-210x300.jpeg 210w, https:\/\/ksiazkidlabiegaczy.pl\/wp-content\/uploads\/2023\/12\/WhatsApp-Image-2023-12-21-at-10.18.06-1-715x1024.jpeg 715w, https:\/\/ksiazkidlabiegaczy.pl\/wp-content\/uploads\/2023\/12\/WhatsApp-Image-2023-12-21-at-10.18.06-1-768x1099.jpeg 768w, https:\/\/ksiazkidlabiegaczy.pl\/wp-content\/uploads\/2023\/12\/WhatsApp-Image-2023-12-21-at-10.18.06-1-1073x1536.jpeg 1073w, https:\/\/ksiazkidlabiegaczy.pl\/wp-content\/uploads\/2023\/12\/WhatsApp-Image-2023-12-21-at-10.18.06-1-52x75.jpeg 52w, https:\/\/ksiazkidlabiegaczy.pl\/wp-content\/uploads\/2023\/12\/WhatsApp-Image-2023-12-21-at-10.18.06-1-480x687.jpeg 480w, https:\/\/ksiazkidlabiegaczy.pl\/wp-content\/uploads\/2023\/12\/WhatsApp-Image-2023-12-21-at-10.18.06-1-800x1145.jpeg 800w, https:\/\/ksiazkidlabiegaczy.pl\/wp-content\/uploads\/2023\/12\/WhatsApp-Image-2023-12-21-at-10.18.06-1.jpeg 1117w\" sizes=\"(max-width:767px) 210px, 210px\" \/> <img loading=\"lazy\" decoding=\"async\" class=\"alignnone size-medium wp-image-3400\" src=\"https:\/\/ksiazkidlabiegaczy.pl\/wp-content\/uploads\/2023\/12\/WhatsApp-Image-2023-12-21-at-10.18.06-209x300.jpeg\" alt=\"\" width=\"209\" height=\"300\" srcset=\"https:\/\/ksiazkidlabiegaczy.pl\/wp-content\/uploads\/2023\/12\/WhatsApp-Image-2023-12-21-at-10.18.06-209x300.jpeg 209w, https:\/\/ksiazkidlabiegaczy.pl\/wp-content\/uploads\/2023\/12\/WhatsApp-Image-2023-12-21-at-10.18.06-713x1024.jpeg 713w, https:\/\/ksiazkidlabiegaczy.pl\/wp-content\/uploads\/2023\/12\/WhatsApp-Image-2023-12-21-at-10.18.06-768x1103.jpeg 768w, https:\/\/ksiazkidlabiegaczy.pl\/wp-content\/uploads\/2023\/12\/WhatsApp-Image-2023-12-21-at-10.18.06-1069x1536.jpeg 1069w, https:\/\/ksiazkidlabiegaczy.pl\/wp-content\/uploads\/2023\/12\/WhatsApp-Image-2023-12-21-at-10.18.06-52x75.jpeg 52w, https:\/\/ksiazkidlabiegaczy.pl\/wp-content\/uploads\/2023\/12\/WhatsApp-Image-2023-12-21-at-10.18.06-480x689.jpeg 480w, https:\/\/ksiazkidlabiegaczy.pl\/wp-content\/uploads\/2023\/12\/WhatsApp-Image-2023-12-21-at-10.18.06-800x1149.jpeg 800w, https:\/\/ksiazkidlabiegaczy.pl\/wp-content\/uploads\/2023\/12\/WhatsApp-Image-2023-12-21-at-10.18.06.jpeg 1114w\" sizes=\"(max-width:767px) 209px, 209px\" \/><\/p>\n","protected":false},"excerpt":{"rendered":"<p>Ksi\u0105\u017cka autorstwa znanego i popularnego komentatora sportowego \u0141ukasza Panfila. \u00a0Ksi\u0105\u017cka\u00a0 zawiera niezwyk\u0142e i ciekawe historie autora kt\u00f3ry w swoim \u017cyciu pokazuje mi\u0142o\u015b\u0107\u00a0 do biegania i lekkiej atletyki.\u00a0 Bohaterami tej ksi\u0105\u017cki s\u0105 sportowcy. Wi\u0119ksi, mniejsi, utytu\u0142owani i ci ze skromnym dorobkiem,<br \/>\nniekt\u00f3rzy znani, inni zupe\u0142nie anonimowi. Ale sport jest tutaj tylko t\u0142em. W\u0105tkiem bardzo silnym,<br \/>\nale nie najwa\u017cniejszym. Osi\u0105 g\u0142\u00f3wn\u0105 s\u0105 losy ludzkie. Czasami mocno skomplikowane, nie zawsze<br \/>\nlekkie i zazwyczaj naznaczone przeszkodami.<\/p>\n","protected":false},"featured_media":3399,"comment_status":"open","ping_status":"closed","template":"","meta":[],"product_cat":[49],"product_tag":[],"_links":{"self":[{"href":"https:\/\/ksiazkidlabiegaczy.pl\/index.php\/wp-json\/wp\/v2\/product\/3397"}],"collection":[{"href":"https:\/\/ksiazkidlabiegaczy.pl\/index.php\/wp-json\/wp\/v2\/product"}],"about":[{"href":"https:\/\/ksiazkidlabiegaczy.pl\/index.php\/wp-json\/wp\/v2\/types\/product"}],"replies":[{"embeddable":true,"href":"https:\/\/ksiazkidlabiegaczy.pl\/index.php\/wp-json\/wp\/v2\/comments?post=3397"}],"wp:featuredmedia":[{"embeddable":true,"href":"https:\/\/ksiazkidlabiegaczy.pl\/index.php\/wp-json\/wp\/v2\/media\/3399"}],"wp:attachment":[{"href":"https:\/\/ksiazkidlabiegaczy.pl\/index.php\/wp-json\/wp\/v2\/media?parent=3397"}],"wp:term":[{"taxonomy":"product_cat","embeddable":true,"href":"https:\/\/ksiazkidlabiegaczy.pl\/index.php\/wp-json\/wp\/v2\/product_cat?post=3397"},{"taxonomy":"product_tag","embeddable":true,"href":"https:\/\/ksiazkidlabiegaczy.pl\/index.php\/wp-json\/wp\/v2\/product_tag?post=3397"}],"curies":[{"name":"wp","href":"https:\/\/api.w.org\/{rel}","templated":true}]}}