{"id":3852,"date":"2026-01-07T14:58:00","date_gmt":"2026-01-07T13:58:00","guid":{"rendered":"https:\/\/ksiazkidlabiegaczy.pl\/?post_type=product&#038;p=3852"},"modified":"2026-01-08T19:51:36","modified_gmt":"2026-01-08T18:51:36","slug":"sobie-zadedykowani-poradnik-dla-par-narzeczenskich","status":"publish","type":"product","link":"https:\/\/ksiazkidlabiegaczy.pl\/index.php\/produkt\/sobie-zadedykowani-poradnik-dla-par-narzeczenskich\/","title":{"rendered":"Sobie zadedykowani &#8211; poradnik dla par narzecze\u0144skich"},"content":{"rendered":"<p>Autor podejmuje wa\u017cne zagadnienia takie jak:<br \/>\nTemperament, Osobowo\u015b\u0107, Zachowanie, Relacja, \u0142\u0105cz\u0105c kanony naukowe z w\u0142asnym do\u015bwiadczeniem spotka\u0144 z parami narzecze\u0144skimi podczas wsp\u00f3\u0142prowadzonych przez niego kurs\u00f3w przedma\u0142\u017ce\u0144skich.<br \/>\nWa\u017cne paradygmaty odnosz\u0105ce si\u0119 do pedagogiki i psychologii autor \u0142\u0105czy z fundamentem warto\u015bci na jakim powinna opiera\u0107 si\u0119 przysz\u0142a ma\u0142\u017ce\u0144ska relacja.<br \/>\nKsi\u0105\u017cka mo\u017ce stanowi\u0107 przydatne narz\u0119dzie dla os\u00f3b przygotowuj\u0105cych si\u0119 do zawarcia ma\u0142\u017ce\u0144stwa i za\u0142o\u017cenia rodziny.<\/p>\n","protected":false},"excerpt":{"rendered":"<p>Ksi\u0105\u017cka adresowana jest do g\u0142\u00f3wnie do par narzecze\u0144skich.<\/p>\n","protected":false},"featured_media":3853,"comment_status":"open","ping_status":"closed","template":"","meta":[],"product_cat":[],"product_tag":[],"_links":{"self":[{"href":"https:\/\/ksiazkidlabiegaczy.pl\/index.php\/wp-json\/wp\/v2\/product\/3852"}],"collection":[{"href":"https:\/\/ksiazkidlabiegaczy.pl\/index.php\/wp-json\/wp\/v2\/product"}],"about":[{"href":"https:\/\/ksiazkidlabiegaczy.pl\/index.php\/wp-json\/wp\/v2\/types\/product"}],"replies":[{"embeddable":true,"href":"https:\/\/ksiazkidlabiegaczy.pl\/index.php\/wp-json\/wp\/v2\/comments?post=3852"}],"wp:featuredmedia":[{"embeddable":true,"href":"https:\/\/ksiazkidlabiegaczy.pl\/index.php\/wp-json\/wp\/v2\/media\/3853"}],"wp:attachment":[{"href":"https:\/\/ksiazkidlabiegaczy.pl\/index.php\/wp-json\/wp\/v2\/media?parent=3852"}],"wp:term":[{"taxonomy":"product_cat","embeddable":true,"href":"https:\/\/ksiazkidlabiegaczy.pl\/index.php\/wp-json\/wp\/v2\/product_cat?post=3852"},{"taxonomy":"product_tag","embeddable":true,"href":"https:\/\/ksiazkidlabiegaczy.pl\/index.php\/wp-json\/wp\/v2\/product_tag?post=3852"}],"curies":[{"name":"wp","href":"https:\/\/api.w.org\/{rel}","templated":true}]}}